{"id":2,"date":"2024-11-01T16:39:47","date_gmt":"2024-11-01T15:39:47","guid":{"rendered":"http:\/\/alfred-ao.com\/?page_id=2"},"modified":"2025-01-02T23:59:23","modified_gmt":"2025-01-02T22:59:23","slug":"page-d-exemple","status":"publish","type":"page","link":"https:\/\/alfred-ao.com\/","title":{"rendered":""},"content":{"rendered":"\n<div class=\"wp-block-group has-background-background-color has-background is-layout-constrained wp-block-group-is-layout-constrained\">\n<div class=\"wp-block-group is-layout-constrained wp-block-group-is-layout-constrained\">\n<p class=\"has-text-align-center has-large-font-size\"><strong><mark style=\"background-color:#95cfc3\" class=\"has-inline-color has-foreground-color\">Notre engagement<\/mark><\/strong><\/p>\n\n\n\n<p><\/p>\n\n\n\n<p class=\"has-text-align-center has-montserrat-font-family\">Alfred accompagne les acteurs de la ma\u00eetrise d\u2019oeuvre, architectes et bureaux d&rsquo;\u00e9tudes, dans leur d\u00e9veloppement sur les secteurs publics et priv\u00e9s ainsi que dans leur gestion administrative quotidienne.<br><\/p>\n\n\n\n<p class=\"has-text-align-center has-montserrat-font-family\" style=\"padding-right:0;padding-left:0\">Persuad\u00e9 que la r\u00e9ussite de ces missions demande de s\u2019inscrire dans la culture d\u2019entreprise de ses clients, Alfred s\u2019attache \u00e0 cr\u00e9er une relation de proximit\u00e9, au plus pr\u00e8s de vos \u00e9quipes.<\/p>\n\n\n\n<p class=\"has-montserrat-font-family\">\u00a0<br><\/p>\n<\/div>\n\n\n\n<div class=\"wp-block-group is-layout-constrained wp-block-group-is-layout-constrained\">\n<div class=\"wp-block-group is-layout-constrained wp-block-group-is-layout-constrained\">\n<p class=\"has-text-align-center has-montserrat-font-family has-large-font-size\"><strong><mark style=\"background-color:#95cfc3\" class=\"has-inline-color has-foreground-color\">Nos services<\/mark><\/strong><\/p>\n\n\n\n<p><\/p>\n\n\n\n<div class=\"wp-block-group is-layout-constrained wp-block-group-is-layout-constrained\">\n<p class=\"has-text-align-center has-montserrat-font-family has-small-font-size\" style=\"margin-top:var(--wp--preset--spacing--30);margin-right:var(--wp--preset--spacing--30);margin-bottom:var(--wp--preset--spacing--30);margin-left:var(--wp--preset--spacing--30)\"><strong><mark style=\"background-color:#95cfc3\" class=\"has-inline-color\">Appels d\u2019offres :<\/mark> <\/strong>veille, s\u00e9lection, montage d\u2019\u00e9quipe, constitution des dossiers administratifs et technique et d\u00e9p\u00f4t<br>&#8211;<br><strong><mark style=\"background-color:#95cfc3\" class=\"has-inline-color\">D\u00e9veloppement strat\u00e9gique\u00a0: <\/mark><\/strong>identification des territoires, secteurs, programmations \u00e0 prospecter, recensement des opportunit\u00e9s et des acteurs cl\u00e9s aupr\u00e8s desquels se positionner<br>&#8211;<br>Mise \u00e0 jour des <strong><mark style=\"background-color:#95cfc3\" class=\"has-inline-color\">supports de communication\u00a0:<\/mark><\/strong> book, fiches r\u00e9f\u00e9rences, dossier de presse, site internet<br>&#8211;<br>Constitution ou mise \u00e0 jour des base de donn\u00e9es contacts\u00a0<br>&#8211;<br>Campagne de diffusion mail\/ postale<br>&#8211;<br>Assistance au montage d\u2019op\u00e9ration \u00e9v\u00e9nementielle<br>&#8211;<br>Soutien sur la finalisation des contrats de ma\u00eetrise d\u2019oeuvre<br>&#8211;<br><mark style=\"background-color:#95cfc3\" class=\"has-inline-color has-foreground-color\"><strong>Secr\u00e9tariat administratif\u00a0: <\/strong><\/mark>accueil,\u00a0interm\u00e9diaire comptable et RH, facturation, correspondance<br>&#8211;<\/p>\n<\/div>\n<\/div>\n<\/div>\n<\/div>\n","protected":false},"excerpt":{"rendered":"<p>Notre engagement Alfred accompagne les acteurs de la ma\u00eetrise d\u2019oeuvre, architectes et bureaux d&rsquo;\u00e9tudes, dans leur d\u00e9veloppement sur les secteurs publics et priv\u00e9s ainsi que dans leur gestion administrative quotidienne. Persuad\u00e9 que la r\u00e9ussite de ces missions demande de s\u2019inscrire dans la culture d\u2019entreprise de ses clients, Alfred s\u2019attache \u00e0 cr\u00e9er une relation de proximit\u00e9, [&hellip;]<\/p>\n","protected":false},"author":1,"featured_media":0,"parent":0,"menu_order":0,"comment_status":"closed","ping_status":"open","template":"page-no-separators","meta":{"footnotes":""},"class_list":["post-2","page","type-page","status-publish","hentry"],"_links":{"self":[{"href":"https:\/\/alfred-ao.com\/index.php\/wp-json\/wp\/v2\/pages\/2","targetHints":{"allow":["GET"]}}],"collection":[{"href":"https:\/\/alfred-ao.com\/index.php\/wp-json\/wp\/v2\/pages"}],"about":[{"href":"https:\/\/alfred-ao.com\/index.php\/wp-json\/wp\/v2\/types\/page"}],"author":[{"embeddable":true,"href":"https:\/\/alfred-ao.com\/index.php\/wp-json\/wp\/v2\/users\/1"}],"replies":[{"embeddable":true,"href":"https:\/\/alfred-ao.com\/index.php\/wp-json\/wp\/v2\/comments?post=2"}],"version-history":[{"count":11,"href":"https:\/\/alfred-ao.com\/index.php\/wp-json\/wp\/v2\/pages\/2\/revisions"}],"predecessor-version":[{"id":188,"href":"https:\/\/alfred-ao.com\/index.php\/wp-json\/wp\/v2\/pages\/2\/revisions\/188"}],"wp:attachment":[{"href":"https:\/\/alfred-ao.com\/index.php\/wp-json\/wp\/v2\/media?parent=2"}],"curies":[{"name":"wp","href":"https:\/\/api.w.org\/{rel}","templated":true}]}}